{"id":4497,"date":"2021-12-06T11:09:46","date_gmt":"2021-12-06T10:09:46","guid":{"rendered":"https:\/\/www.bollore.fr\/bollore-security-solutions-and-protection-systems\/"},"modified":"2026-02-19T10:23:03","modified_gmt":"2026-02-19T09:23:03","slug":"bollore-security-solutions-and-protection-systems","status":"publish","type":"page","link":"https:\/\/bollore.nobilito.net\/en\/","title":{"rendered":"Bollor\u00e9, security solutions and protection systems"},"content":{"rendered":"","protected":false},"excerpt":{"rendered":"","protected":false},"author":1,"featured_media":0,"parent":0,"menu_order":0,"comment_status":"closed","ping_status":"closed","template":"","meta":{"_acf_changed":false,"footnotes":""},"class_list":["post-4497","page","type-page","status-publish","hentry"],"acf":[],"yoast_head":"<!-- This site is optimized with the Yoast SEO plugin v27.1.1 - https:\/\/yoast.com\/product\/yoast-seo-wordpress\/ -->\n<title>Bollor\u00e9, security solutions and protection systems - Bollor\u00e9<\/title>\n<meta name=\"description\" content=\"Designer and manufacturer French of security solutions that are innovative and well-designed. A comprehensive and tailor-made approach for your security projects.\" \/>\n<meta name=\"robots\" content=\"index, follow, max-snippet:-1, max-image-preview:large, max-video-preview:-1\" \/>\n<link rel=\"canonical\" href=\"https:\/\/bollore.nobilito.net\/en\/\" \/>\n<meta property=\"og:locale\" content=\"en_US\" \/>\n<meta property=\"og:type\" content=\"article\" \/>\n<meta property=\"og:title\" content=\"Bollor\u00e9, security solutions and protection systems - Bollor\u00e9\" \/>\n<meta property=\"og:description\" content=\"Designer and manufacturer French of security solutions that are innovative and well-designed. A comprehensive and tailor-made approach for your security projects.\" \/>\n<meta property=\"og:url\" content=\"https:\/\/bollore.nobilito.net\/en\/\" \/>\n<meta property=\"og:site_name\" content=\"Bollor\u00e9\" \/>\n<meta property=\"article:modified_time\" content=\"2026-02-19T09:23:03+00:00\" \/>\n<meta property=\"og:image\" content=\"https:\/\/bollore.nobilito.net\/wp-content\/uploads\/2022\/02\/07\/galerie-photos-tf600-6.jpg\" \/>\n\t<meta property=\"og:image:width\" content=\"1772\" \/>\n\t<meta property=\"og:image:height\" content=\"1183\" \/>\n\t<meta property=\"og:image:type\" content=\"image\/jpeg\" \/>\n<meta name=\"twitter:card\" content=\"summary_large_image\" \/>\n<script type=\"application\/ld+json\" class=\"yoast-schema-graph\">{\"@context\":\"https:\/\/schema.org\",\"@graph\":[{\"@type\":\"WebPage\",\"@id\":\"https:\/\/bollore.nobilito.net\/en\/\",\"url\":\"https:\/\/bollore.nobilito.net\/en\/\",\"name\":\"Bollor\u00e9, security solutions and protection systems - Bollor\u00e9\",\"isPartOf\":{\"@id\":\"https:\/\/bollore.nobilito.net\/en\/#website\"},\"datePublished\":\"2021-12-06T10:09:46+00:00\",\"dateModified\":\"2026-02-19T09:23:03+00:00\",\"description\":\"Designer and manufacturer French of security solutions that are innovative and well-designed. A comprehensive and tailor-made approach for your security projects.\",\"breadcrumb\":{\"@id\":\"https:\/\/bollore.nobilito.net\/en\/#breadcrumb\"},\"inLanguage\":\"en-US\",\"potentialAction\":[{\"@type\":\"ReadAction\",\"target\":[\"https:\/\/bollore.nobilito.net\/en\/\"]}]},{\"@type\":\"BreadcrumbList\",\"@id\":\"https:\/\/bollore.nobilito.net\/en\/#breadcrumb\",\"itemListElement\":[{\"@type\":\"ListItem\",\"position\":1,\"name\":\"Accueil\",\"item\":\"https:\/\/bollore.nobilito.net\/en\/\"},{\"@type\":\"ListItem\",\"position\":2,\"name\":\"Bollor\u00e9, security solutions and protection systems\"}]},{\"@type\":\"WebSite\",\"@id\":\"https:\/\/bollore.nobilito.net\/en\/#website\",\"url\":\"https:\/\/bollore.nobilito.net\/en\/\",\"name\":\"Bollor\u00e9\",\"description\":\"Avancez en toute s\u00e9curit\u00e9\",\"publisher\":{\"@id\":\"https:\/\/bollore.nobilito.net\/en\/#organization\"},\"potentialAction\":[{\"@type\":\"SearchAction\",\"target\":{\"@type\":\"EntryPoint\",\"urlTemplate\":\"https:\/\/bollore.nobilito.net\/en\/?s={search_term_string}\"},\"query-input\":{\"@type\":\"PropertyValueSpecification\",\"valueRequired\":true,\"valueName\":\"search_term_string\"}}],\"inLanguage\":\"en-US\"},{\"@type\":\"Organization\",\"@id\":\"https:\/\/bollore.nobilito.net\/en\/#organization\",\"name\":\"Bollor\u00e9\",\"url\":\"https:\/\/bollore.nobilito.net\/en\/\",\"logo\":{\"@type\":\"ImageObject\",\"inLanguage\":\"en-US\",\"@id\":\"https:\/\/bollore.nobilito.net\/en\/#\/schema\/logo\/image\/\",\"url\":\"https:\/\/www.bollore.nobilito.net\/wp-content\/uploads\/2021\/12\/10\/logo-bollore.svg\",\"contentUrl\":\"https:\/\/www.bollore.nobilito.net\/wp-content\/uploads\/2021\/12\/10\/logo-bollore.svg\",\"width\":164,\"height\":31,\"caption\":\"Bollor\u00e9\"},\"image\":{\"@id\":\"https:\/\/bollore.nobilito.net\/en\/#\/schema\/logo\/image\/\"}}]}<\/script>\n<!-- \/ Yoast SEO plugin. -->","yoast_head_json":{"title":"Bollor\u00e9, security solutions and protection systems - Bollor\u00e9","description":"Designer and manufacturer French of security solutions that are innovative and well-designed. A comprehensive and tailor-made approach for your security projects.","robots":{"index":"index","follow":"follow","max-snippet":"max-snippet:-1","max-image-preview":"max-image-preview:large","max-video-preview":"max-video-preview:-1"},"canonical":"https:\/\/bollore.nobilito.net\/en\/","og_locale":"en_US","og_type":"article","og_title":"Bollor\u00e9, security solutions and protection systems - Bollor\u00e9","og_description":"Designer and manufacturer French of security solutions that are innovative and well-designed. A comprehensive and tailor-made approach for your security projects.","og_url":"https:\/\/bollore.nobilito.net\/en\/","og_site_name":"Bollor\u00e9","article_modified_time":"2026-02-19T09:23:03+00:00","og_image":[{"width":1772,"height":1183,"url":"https:\/\/bollore.nobilito.net\/wp-content\/uploads\/2022\/02\/07\/galerie-photos-tf600-6.jpg","type":"image\/jpeg"}],"twitter_card":"summary_large_image","schema":{"@context":"https:\/\/schema.org","@graph":[{"@type":"WebPage","@id":"https:\/\/bollore.nobilito.net\/en\/","url":"https:\/\/bollore.nobilito.net\/en\/","name":"Bollor\u00e9, security solutions and protection systems - Bollor\u00e9","isPartOf":{"@id":"https:\/\/bollore.nobilito.net\/en\/#website"},"datePublished":"2021-12-06T10:09:46+00:00","dateModified":"2026-02-19T09:23:03+00:00","description":"Designer and manufacturer French of security solutions that are innovative and well-designed. A comprehensive and tailor-made approach for your security projects.","breadcrumb":{"@id":"https:\/\/bollore.nobilito.net\/en\/#breadcrumb"},"inLanguage":"en-US","potentialAction":[{"@type":"ReadAction","target":["https:\/\/bollore.nobilito.net\/en\/"]}]},{"@type":"BreadcrumbList","@id":"https:\/\/bollore.nobilito.net\/en\/#breadcrumb","itemListElement":[{"@type":"ListItem","position":1,"name":"Accueil","item":"https:\/\/bollore.nobilito.net\/en\/"},{"@type":"ListItem","position":2,"name":"Bollor\u00e9, security solutions and protection systems"}]},{"@type":"WebSite","@id":"https:\/\/bollore.nobilito.net\/en\/#website","url":"https:\/\/bollore.nobilito.net\/en\/","name":"Bollor\u00e9","description":"Avancez en toute s\u00e9curit\u00e9","publisher":{"@id":"https:\/\/bollore.nobilito.net\/en\/#organization"},"potentialAction":[{"@type":"SearchAction","target":{"@type":"EntryPoint","urlTemplate":"https:\/\/bollore.nobilito.net\/en\/?s={search_term_string}"},"query-input":{"@type":"PropertyValueSpecification","valueRequired":true,"valueName":"search_term_string"}}],"inLanguage":"en-US"},{"@type":"Organization","@id":"https:\/\/bollore.nobilito.net\/en\/#organization","name":"Bollor\u00e9","url":"https:\/\/bollore.nobilito.net\/en\/","logo":{"@type":"ImageObject","inLanguage":"en-US","@id":"https:\/\/bollore.nobilito.net\/en\/#\/schema\/logo\/image\/","url":"https:\/\/www.bollore.nobilito.net\/wp-content\/uploads\/2021\/12\/10\/logo-bollore.svg","contentUrl":"https:\/\/www.bollore.nobilito.net\/wp-content\/uploads\/2021\/12\/10\/logo-bollore.svg","width":164,"height":31,"caption":"Bollor\u00e9"},"image":{"@id":"https:\/\/bollore.nobilito.net\/en\/#\/schema\/logo\/image\/"}}]}},"_links":{"self":[{"href":"https:\/\/bollore.nobilito.net\/en\/wp-json\/wp\/v2\/pages\/4497","targetHints":{"allow":["GET"]}}],"collection":[{"href":"https:\/\/bollore.nobilito.net\/en\/wp-json\/wp\/v2\/pages"}],"about":[{"href":"https:\/\/bollore.nobilito.net\/en\/wp-json\/wp\/v2\/types\/page"}],"author":[{"embeddable":true,"href":"https:\/\/bollore.nobilito.net\/en\/wp-json\/wp\/v2\/users\/1"}],"replies":[{"embeddable":true,"href":"https:\/\/bollore.nobilito.net\/en\/wp-json\/wp\/v2\/comments?post=4497"}],"version-history":[{"count":3,"href":"https:\/\/bollore.nobilito.net\/en\/wp-json\/wp\/v2\/pages\/4497\/revisions"}],"predecessor-version":[{"id":5461,"href":"https:\/\/bollore.nobilito.net\/en\/wp-json\/wp\/v2\/pages\/4497\/revisions\/5461"}],"wp:attachment":[{"href":"https:\/\/bollore.nobilito.net\/en\/wp-json\/wp\/v2\/media?parent=4497"}],"curies":[{"name":"wp","href":"https:\/\/api.w.org\/{rel}","templated":true}]}}