{"id":4613,"date":"2022-03-09T17:08:02","date_gmt":"2022-03-09T16:08:02","guid":{"rendered":"https:\/\/www.bollore.fr\/produits\/menuiserie-carapace\/"},"modified":"2026-01-15T14:07:17","modified_gmt":"2026-01-15T13:07:17","slug":"menuiserie-carapace","status":"publish","type":"product","link":"https:\/\/bollore.nobilito.net\/es\/productos\/menuiserie-carapace\/","title":{"rendered":"Menuiserie CARAPACE"},"content":{"rendered":"<p><span style=\"font-weight: 400;\">La gamme CARAPACE est une gamme de menuiserie s\u00e9curitaire vitr\u00e9e ou opaque en aluminium. Renfor\u00e7ant la s\u00e9curit\u00e9 de la structure de votre b\u00e2timent, elle est compos\u00e9e de ch\u00e2ssis fixes, de ch\u00e2ssis coulissants et de portes.  <\/span><\/p>\n<p><span style=\"font-weight: 400;\">Nuestras carpinter\u00edas blindadas, probadas seg\u00fan las normas europeas de protecci\u00f3n antibalas EN 1522 y antirrobo EN 1627, cumplen todos los niveles de protecci\u00f3n de estas normas.<\/span><br \/>\n<span style=\"font-weight: 400;\">Las carpinter\u00edas CARAPACE se fabrican a medida para adaptarse a<\/span><span style=\"font-weight: 400;\"> entornos industriales, comerciales, bancarios, penitenciarios, nucleares, aeroportuarios, de centros de datos y minoristas.<\/span> <\/p>\n","protected":false},"excerpt":{"rendered":"<p><span style=\"font-weight: 400;\">La gamme CARAPACE est une gamme de menuiserie s\u00e9curitaire vitr\u00e9e ou opaque en aluminium. Renfor\u00e7ant la s\u00e9curit\u00e9 de la structure de votre b\u00e2timent, elle est compos\u00e9e de ch\u00e2ssis fixes, de ch\u00e2ssis coulissants et de portes.  <\/span><\/p>\n","protected":false},"featured_media":3398,"comment_status":"closed","ping_status":"closed","template":"","meta":{"_acf_changed":false},"product_brand":[],"product_cat":[194,172],"product_tag":[],"class_list":{"0":"post-4613","1":"product","2":"type-product","3":"status-publish","4":"has-post-thumbnail","6":"product_cat-carpinteria-de-seguridad","7":"product_cat-agencement-de-securite-es","9":"first","10":"instock","11":"shipping-taxable","12":"product-type-simple"},"acf":[],"yoast_head":"<!-- This site is optimized with the Yoast SEO plugin v27.1.1 - https:\/\/yoast.com\/product\/yoast-seo-wordpress\/ -->\n<title>Menuiserie CARAPACE - Bollor\u00e9<\/title>\n<meta name=\"robots\" content=\"index, follow, max-snippet:-1, max-image-preview:large, max-video-preview:-1\" \/>\n<link rel=\"canonical\" href=\"https:\/\/bollore.nobilito.net\/es\/productos\/menuiserie-carapace\/\" \/>\n<meta property=\"og:locale\" content=\"es_ES\" \/>\n<meta property=\"og:type\" content=\"article\" \/>\n<meta property=\"og:title\" content=\"Menuiserie CARAPACE - Bollor\u00e9\" \/>\n<meta property=\"og:description\" content=\"La gamme CARAPACE est une gamme de menuiserie s\u00e9curitaire vitr\u00e9e ou opaque en aluminium. Renfor\u00e7ant la s\u00e9curit\u00e9 de la structure de votre b\u00e2timent, elle est compos\u00e9e de ch\u00e2ssis fixes, de ch\u00e2ssis coulissants et de portes.\" \/>\n<meta property=\"og:url\" content=\"https:\/\/bollore.nobilito.net\/es\/productos\/menuiserie-carapace\/\" \/>\n<meta property=\"og:site_name\" content=\"Bollor\u00e9\" \/>\n<meta property=\"article:modified_time\" content=\"2026-01-15T13:07:17+00:00\" \/>\n<meta property=\"og:image\" content=\"https:\/\/bollore.nobilito.net\/wp-content\/uploads\/2022\/03\/09\/312-menuiserie-carapace.png\" \/>\n\t<meta property=\"og:image:width\" content=\"4046\" \/>\n\t<meta property=\"og:image:height\" content=\"3091\" \/>\n\t<meta property=\"og:image:type\" content=\"image\/png\" \/>\n<meta name=\"twitter:card\" content=\"summary_large_image\" \/>\n<script type=\"application\/ld+json\" class=\"yoast-schema-graph\">{\"@context\":\"https:\/\/schema.org\",\"@graph\":[{\"@type\":\"WebPage\",\"@id\":\"https:\/\/bollore.nobilito.net\/es\/productos\/menuiserie-carapace\/\",\"url\":\"https:\/\/bollore.nobilito.net\/es\/productos\/menuiserie-carapace\/\",\"name\":\"Menuiserie CARAPACE - Bollor\u00e9\",\"isPartOf\":{\"@id\":\"https:\/\/bollore.nobilito.net\/es\/#website\"},\"primaryImageOfPage\":{\"@id\":\"https:\/\/bollore.nobilito.net\/es\/productos\/menuiserie-carapace\/#primaryimage\"},\"image\":{\"@id\":\"https:\/\/bollore.nobilito.net\/es\/productos\/menuiserie-carapace\/#primaryimage\"},\"thumbnailUrl\":\"https:\/\/bollore.nobilito.net\/wp-content\/uploads\/2022\/03\/09\/312-menuiserie-carapace.png\",\"datePublished\":\"2022-03-09T16:08:02+00:00\",\"dateModified\":\"2026-01-15T13:07:17+00:00\",\"breadcrumb\":{\"@id\":\"https:\/\/bollore.nobilito.net\/es\/productos\/menuiserie-carapace\/#breadcrumb\"},\"inLanguage\":\"es-ES\",\"potentialAction\":[{\"@type\":\"ReadAction\",\"target\":[\"https:\/\/bollore.nobilito.net\/es\/productos\/menuiserie-carapace\/\"]}]},{\"@type\":\"ImageObject\",\"inLanguage\":\"es-ES\",\"@id\":\"https:\/\/bollore.nobilito.net\/es\/productos\/menuiserie-carapace\/#primaryimage\",\"url\":\"https:\/\/bollore.nobilito.net\/wp-content\/uploads\/2022\/03\/09\/312-menuiserie-carapace.png\",\"contentUrl\":\"https:\/\/bollore.nobilito.net\/wp-content\/uploads\/2022\/03\/09\/312-menuiserie-carapace.png\",\"width\":4046,\"height\":3091},{\"@type\":\"BreadcrumbList\",\"@id\":\"https:\/\/bollore.nobilito.net\/es\/productos\/menuiserie-carapace\/#breadcrumb\",\"itemListElement\":[{\"@type\":\"ListItem\",\"position\":1,\"name\":\"Accueil\",\"item\":\"https:\/\/bollore.nobilito.net\/es\/\"},{\"@type\":\"ListItem\",\"position\":2,\"name\":\"Nuestras soluciones para seguridad\",\"item\":\"https:\/\/bollore.nobilito.net\/produits\/\"},{\"@type\":\"ListItem\",\"position\":3,\"name\":\"Menuiserie CARAPACE\"}]},{\"@type\":\"WebSite\",\"@id\":\"https:\/\/bollore.nobilito.net\/es\/#website\",\"url\":\"https:\/\/bollore.nobilito.net\/es\/\",\"name\":\"Bollor\u00e9\",\"description\":\"Avancez en toute s\u00e9curit\u00e9\",\"publisher\":{\"@id\":\"https:\/\/bollore.nobilito.net\/es\/#organization\"},\"potentialAction\":[{\"@type\":\"SearchAction\",\"target\":{\"@type\":\"EntryPoint\",\"urlTemplate\":\"https:\/\/bollore.nobilito.net\/es\/?s={search_term_string}\"},\"query-input\":{\"@type\":\"PropertyValueSpecification\",\"valueRequired\":true,\"valueName\":\"search_term_string\"}}],\"inLanguage\":\"es-ES\"},{\"@type\":\"Organization\",\"@id\":\"https:\/\/bollore.nobilito.net\/es\/#organization\",\"name\":\"Bollor\u00e9\",\"url\":\"https:\/\/bollore.nobilito.net\/es\/\",\"logo\":{\"@type\":\"ImageObject\",\"inLanguage\":\"es-ES\",\"@id\":\"https:\/\/bollore.nobilito.net\/es\/#\/schema\/logo\/image\/\",\"url\":\"https:\/\/www.bollore.nobilito.net\/wp-content\/uploads\/2021\/12\/10\/logo-bollore.svg\",\"contentUrl\":\"https:\/\/www.bollore.nobilito.net\/wp-content\/uploads\/2021\/12\/10\/logo-bollore.svg\",\"width\":164,\"height\":31,\"caption\":\"Bollor\u00e9\"},\"image\":{\"@id\":\"https:\/\/bollore.nobilito.net\/es\/#\/schema\/logo\/image\/\"}}]}<\/script>\n<!-- \/ Yoast SEO plugin. -->","yoast_head_json":{"title":"Menuiserie CARAPACE - Bollor\u00e9","robots":{"index":"index","follow":"follow","max-snippet":"max-snippet:-1","max-image-preview":"max-image-preview:large","max-video-preview":"max-video-preview:-1"},"canonical":"https:\/\/bollore.nobilito.net\/es\/productos\/menuiserie-carapace\/","og_locale":"es_ES","og_type":"article","og_title":"Menuiserie CARAPACE - Bollor\u00e9","og_description":"La gamme CARAPACE est une gamme de menuiserie s\u00e9curitaire vitr\u00e9e ou opaque en aluminium. Renfor\u00e7ant la s\u00e9curit\u00e9 de la structure de votre b\u00e2timent, elle est compos\u00e9e de ch\u00e2ssis fixes, de ch\u00e2ssis coulissants et de portes.","og_url":"https:\/\/bollore.nobilito.net\/es\/productos\/menuiserie-carapace\/","og_site_name":"Bollor\u00e9","article_modified_time":"2026-01-15T13:07:17+00:00","og_image":[{"width":4046,"height":3091,"url":"https:\/\/bollore.nobilito.net\/wp-content\/uploads\/2022\/03\/09\/312-menuiserie-carapace.png","type":"image\/png"}],"twitter_card":"summary_large_image","schema":{"@context":"https:\/\/schema.org","@graph":[{"@type":"WebPage","@id":"https:\/\/bollore.nobilito.net\/es\/productos\/menuiserie-carapace\/","url":"https:\/\/bollore.nobilito.net\/es\/productos\/menuiserie-carapace\/","name":"Menuiserie CARAPACE - Bollor\u00e9","isPartOf":{"@id":"https:\/\/bollore.nobilito.net\/es\/#website"},"primaryImageOfPage":{"@id":"https:\/\/bollore.nobilito.net\/es\/productos\/menuiserie-carapace\/#primaryimage"},"image":{"@id":"https:\/\/bollore.nobilito.net\/es\/productos\/menuiserie-carapace\/#primaryimage"},"thumbnailUrl":"https:\/\/bollore.nobilito.net\/wp-content\/uploads\/2022\/03\/09\/312-menuiserie-carapace.png","datePublished":"2022-03-09T16:08:02+00:00","dateModified":"2026-01-15T13:07:17+00:00","breadcrumb":{"@id":"https:\/\/bollore.nobilito.net\/es\/productos\/menuiserie-carapace\/#breadcrumb"},"inLanguage":"es-ES","potentialAction":[{"@type":"ReadAction","target":["https:\/\/bollore.nobilito.net\/es\/productos\/menuiserie-carapace\/"]}]},{"@type":"ImageObject","inLanguage":"es-ES","@id":"https:\/\/bollore.nobilito.net\/es\/productos\/menuiserie-carapace\/#primaryimage","url":"https:\/\/bollore.nobilito.net\/wp-content\/uploads\/2022\/03\/09\/312-menuiserie-carapace.png","contentUrl":"https:\/\/bollore.nobilito.net\/wp-content\/uploads\/2022\/03\/09\/312-menuiserie-carapace.png","width":4046,"height":3091},{"@type":"BreadcrumbList","@id":"https:\/\/bollore.nobilito.net\/es\/productos\/menuiserie-carapace\/#breadcrumb","itemListElement":[{"@type":"ListItem","position":1,"name":"Accueil","item":"https:\/\/bollore.nobilito.net\/es\/"},{"@type":"ListItem","position":2,"name":"Nuestras soluciones para seguridad","item":"https:\/\/bollore.nobilito.net\/produits\/"},{"@type":"ListItem","position":3,"name":"Menuiserie CARAPACE"}]},{"@type":"WebSite","@id":"https:\/\/bollore.nobilito.net\/es\/#website","url":"https:\/\/bollore.nobilito.net\/es\/","name":"Bollor\u00e9","description":"Avancez en toute s\u00e9curit\u00e9","publisher":{"@id":"https:\/\/bollore.nobilito.net\/es\/#organization"},"potentialAction":[{"@type":"SearchAction","target":{"@type":"EntryPoint","urlTemplate":"https:\/\/bollore.nobilito.net\/es\/?s={search_term_string}"},"query-input":{"@type":"PropertyValueSpecification","valueRequired":true,"valueName":"search_term_string"}}],"inLanguage":"es-ES"},{"@type":"Organization","@id":"https:\/\/bollore.nobilito.net\/es\/#organization","name":"Bollor\u00e9","url":"https:\/\/bollore.nobilito.net\/es\/","logo":{"@type":"ImageObject","inLanguage":"es-ES","@id":"https:\/\/bollore.nobilito.net\/es\/#\/schema\/logo\/image\/","url":"https:\/\/www.bollore.nobilito.net\/wp-content\/uploads\/2021\/12\/10\/logo-bollore.svg","contentUrl":"https:\/\/www.bollore.nobilito.net\/wp-content\/uploads\/2021\/12\/10\/logo-bollore.svg","width":164,"height":31,"caption":"Bollor\u00e9"},"image":{"@id":"https:\/\/bollore.nobilito.net\/es\/#\/schema\/logo\/image\/"}}]}},"_links":{"self":[{"href":"https:\/\/bollore.nobilito.net\/es\/wp-json\/wp\/v2\/product\/4613","targetHints":{"allow":["GET"]}}],"collection":[{"href":"https:\/\/bollore.nobilito.net\/es\/wp-json\/wp\/v2\/product"}],"about":[{"href":"https:\/\/bollore.nobilito.net\/es\/wp-json\/wp\/v2\/types\/product"}],"replies":[{"embeddable":true,"href":"https:\/\/bollore.nobilito.net\/es\/wp-json\/wp\/v2\/comments?post=4613"}],"wp:featuredmedia":[{"embeddable":true,"href":"https:\/\/bollore.nobilito.net\/es\/wp-json\/wp\/v2\/media\/3398"}],"wp:attachment":[{"href":"https:\/\/bollore.nobilito.net\/es\/wp-json\/wp\/v2\/media?parent=4613"}],"wp:term":[{"taxonomy":"product_brand","embeddable":true,"href":"https:\/\/bollore.nobilito.net\/es\/wp-json\/wp\/v2\/product_brand?post=4613"},{"taxonomy":"product_cat","embeddable":true,"href":"https:\/\/bollore.nobilito.net\/es\/wp-json\/wp\/v2\/product_cat?post=4613"},{"taxonomy":"product_tag","embeddable":true,"href":"https:\/\/bollore.nobilito.net\/es\/wp-json\/wp\/v2\/product_tag?post=4613"}],"curies":[{"name":"wp","href":"https:\/\/api.w.org\/{rel}","templated":true}]}}